{"id":760,"date":"2025-08-27T11:15:24","date_gmt":"2025-08-27T09:15:24","guid":{"rendered":"https:\/\/new.rigawood.fi\/ota-meihin-yhteytta\/"},"modified":"2026-03-20T16:31:14","modified_gmt":"2026-03-20T14:31:14","slug":"contact-us","status":"publish","type":"page","link":"https:\/\/www.rigawood.fi\/en\/contact-us\/","title":{"rendered":"Contact us"},"content":{"rendered":"<section id=\"hero-block_11ef35bc891221a5cf81297b1a9cd603\"\n         class=\"block hero bg-color bg-beige\"\n         data-hero-block>\n        <div class=\"container\">\n        <div class=\"row\">\n            <div class=\"col-12 col-lg-9 hero-content-wrap\">\n                <div class=\"hero-content\" data-aos=\"fade-in\" data-aos-duration=\"400\" data-aos-easing=\"ease-in-out\"><h1>Contact us<\/h1>\n<\/div>\n            <\/div>\n        <\/div>\n            <\/div>\n        <button class=\"hero-scroll-down\" data-aos=\"fade-up\" data-aos-duration=\"400\" data-aos-easing=\"ease-in-out\">\n        <svg width=\"20\" height=\"20\" viewBox=\"0 0 20 20\" fill=\"none\" xmlns=\"http:\/\/www.w3.org\/2000\/svg\"><g clip-path=\"url(#clip0_1912_4546)\"><path d=\"M2 7.47485L8.17769 13.7622C9.17958 14.7792 10.8204 14.7792 11.8223 13.7622L18 7.47485\" stroke=\"currentColor\" stroke-width=\"1.2\" stroke-miterlimit=\"10\"\/><\/g><defs><clipPath id=\"clip0_1912_4546\"><rect width=\"20\" height=\"20\" fill=\"currentColor\"\/><\/clipPath><\/defs><\/svg>\n    <\/button>\n    <\/section>\n\n\n<section id=\"two-column-text-block_be5a51d7ff0e721cfd8c280ff09f953c\" class=\"block two-column-text bg-sky-blue rounded-top-part pt-sm pb-sm\"\n    data-aos=\"fade-up\" data-aos-once=\"true\" data-aos-duration=\"500\">\n    <div class=\"container\" >\n        <div class=\"row\">\n            <div class=\"col-12 col-lg-6\" data-aos=\"fade-in\" data-aos-duration=\"400\" data-aos-easing=\"ease-in-out\">\n                <h3>We would love to hear from you.<\/h3>\n<p>Feel free to reach out using the below details.<\/p>\n<h4>Sastamala Mill<\/h4>\n<ul>\n<li>Asemakatu 38-40, FI-38210, Sastamala, Finland<br \/>\nY-tunnus 1877118-8<\/li>\n<\/ul>\n<h4>Riga Wood Finland Oy<\/h4>\n<ul>\n<li>PL 35, Hiidenm\u00e4entie 20, FI-03101 Nummela, Finland<\/li>\n<\/ul>\n            <\/div>\n            <div class=\"col-12 col-lg-6\" data-aos=\"fade-in\" data-aos-duration=\"400\" data-aos-easing=\"ease-in-out\">\n                                                <div class=\"two-column-text-item-wrapper single\">\n                                                            <div class=\"two-column-text-item\">\n                        <h4><\/h4>\n                        <div class=\"item-content\">\n                            <p><iframe style=\"border: 0;\" src=\"https:\/\/www.google.com\/maps\/embed?pb=!1m18!1m12!1m3!1d244837.59642340065!2d22.661293705665237!3d61.35255329144755!2m3!1f0!2f0!3f0!3m2!1i1024!2i768!4f13.1!3m3!1m2!1s0x4689341145d6749b%3A0xa763002b0eac1dac!2sRiga%20Wood%20Finland%20Oy!5e0!3m2!1sen!2slv!4v1756285916743!5m2!1sen!2slv\" width=\"600\" height=\"450\" allowfullscreen=\"allowfullscreen\"><span data-mce-type=\"bookmark\" style=\"display: inline-block; width: 0px; overflow: hidden; line-height: 0;\" class=\"mce_SELRES_start\">\ufeff<\/span><\/iframe><\/p>\n                        <\/div>\n                    <\/div>\n                                                        <\/div>\n                                            <\/div>\n        <\/div>\n    <\/div>\n<\/section>\n\n\n<section id=\"content-tabs-block_218bdd287c07d09e8a675142ec7deeda\" class=\"block content-tabs bg-white rounded-top-part pt-sm pb-sm\"\n        data-aos=\"fade-up\" data-aos-once=\"true\" data-aos-duration=\"500\"         data-content-tabs-block>\n    <div class=\"container\" >\n        <div class=\"row\">\n            <div class=\"col-12 col-lg-6\">\n                <h2 class=\"content-tabs-title\" data-aos=\"fade-in\" data-aos-duration=\"400\" data-aos-easing=\"ease-in-out\">Contact details<\/h2>\n                                    <div class=\"tab-list desktop\">\n                                                                        <div class=\"tab-list-item active\" data-tab-target=\"tab-0\" data-aos=\"fade-up\" data-aos-duration=\"400\" data-aos-easing=\"ease-in-out\">\n                                <div class=\"item-header\">\n                                    <h4 class=\"color-reset\">Sastamala Mill | Manager<\/h4>\n                                    <button class=\"item-toggle\">\n                                        <svg xmlns=\"http:\/\/www.w3.org\/2000\/svg\" viewBox=\"0 0 20 20\" width=\"20\" height=\"20\" fill=\"none\"><path stroke=\"currentColor\" stroke-miterlimit=\"10\" stroke-width=\"1.2\" d=\"m2 7.475 6.178 6.287a2.558 2.558 0 0 0 3.644 0L18 7.475\"\/><\/svg>\n                                    <\/button>\n                                <\/div>\n                            <\/div>\n                                                                                <div class=\"tab-list-item \" data-tab-target=\"tab-1\" data-aos=\"fade-up\" data-aos-duration=\"400\" data-aos-easing=\"ease-in-out\">\n                                <div class=\"item-header\">\n                                    <h4 class=\"color-reset\">Sastamala Mill | Finances and invoicing<\/h4>\n                                    <button class=\"item-toggle\">\n                                        <svg xmlns=\"http:\/\/www.w3.org\/2000\/svg\" viewBox=\"0 0 20 20\" width=\"20\" height=\"20\" fill=\"none\"><path stroke=\"currentColor\" stroke-miterlimit=\"10\" stroke-width=\"1.2\" d=\"m2 7.475 6.178 6.287a2.558 2.558 0 0 0 3.644 0L18 7.475\"\/><\/svg>\n                                    <\/button>\n                                <\/div>\n                            <\/div>\n                                                                                <div class=\"tab-list-item \" data-tab-target=\"tab-2\" data-aos=\"fade-up\" data-aos-duration=\"400\" data-aos-easing=\"ease-in-out\">\n                                <div class=\"item-header\">\n                                    <h4 class=\"color-reset\">Sastamala Mill | Production<\/h4>\n                                    <button class=\"item-toggle\">\n                                        <svg xmlns=\"http:\/\/www.w3.org\/2000\/svg\" viewBox=\"0 0 20 20\" width=\"20\" height=\"20\" fill=\"none\"><path stroke=\"currentColor\" stroke-miterlimit=\"10\" stroke-width=\"1.2\" d=\"m2 7.475 6.178 6.287a2.558 2.558 0 0 0 3.644 0L18 7.475\"\/><\/svg>\n                                    <\/button>\n                                <\/div>\n                            <\/div>\n                                                                                <div class=\"tab-list-item \" data-tab-target=\"tab-3\" data-aos=\"fade-up\" data-aos-duration=\"400\" data-aos-easing=\"ease-in-out\">\n                                <div class=\"item-header\">\n                                    <h4 class=\"color-reset\">Riga Wood birch plywood sales<\/h4>\n                                    <button class=\"item-toggle\">\n                                        <svg xmlns=\"http:\/\/www.w3.org\/2000\/svg\" viewBox=\"0 0 20 20\" width=\"20\" height=\"20\" fill=\"none\"><path stroke=\"currentColor\" stroke-miterlimit=\"10\" stroke-width=\"1.2\" d=\"m2 7.475 6.178 6.287a2.558 2.558 0 0 0 3.644 0L18 7.475\"\/><\/svg>\n                                    <\/button>\n                                <\/div>\n                            <\/div>\n                                                                                <div class=\"tab-list-item \" data-tab-target=\"tab-4\" data-aos=\"fade-up\" data-aos-duration=\"400\" data-aos-easing=\"ease-in-out\">\n                                <div class=\"item-header\">\n                                    <h4 class=\"color-reset\">Riga Wood Log procurement &amp; Sale of Bio-energy<\/h4>\n                                    <button class=\"item-toggle\">\n                                        <svg xmlns=\"http:\/\/www.w3.org\/2000\/svg\" viewBox=\"0 0 20 20\" width=\"20\" height=\"20\" fill=\"none\"><path stroke=\"currentColor\" stroke-miterlimit=\"10\" stroke-width=\"1.2\" d=\"m2 7.475 6.178 6.287a2.558 2.558 0 0 0 3.644 0L18 7.475\"\/><\/svg>\n                                    <\/button>\n                                <\/div>\n                            <\/div>\n                                                                                            <\/div>\n                \n            <\/div>\n            <div class=\"col-12 col-lg-6\">\n                                    <div class=\"tab-list\">\n                                                                        <div class=\"tab-list-item active\" data-tab-item=\"tab-0\" data-aos=\"fade-up\" data-aos-duration=\"400\" data-aos-easing=\"ease-in-out\">\n                                <div class=\"item-header\">\n                                    <h4 class=\"color-reset\">Sastamala Mill | Manager<\/h4>\n                                    <button class=\"item-toggle\">\n                                        <svg xmlns=\"http:\/\/www.w3.org\/2000\/svg\" viewBox=\"0 0 20 20\" width=\"20\" height=\"20\" fill=\"none\"><path stroke=\"currentColor\" stroke-miterlimit=\"10\" stroke-width=\"1.2\" d=\"m2 7.475 6.178 6.287a2.558 2.558 0 0 0 3.644 0L18 7.475\"\/><\/svg>\n                                    <\/button>\n                                <\/div>\n                                <div class=\"item-content\">\n                                    <p><strong>Mika Heikkonen<\/strong><br \/>\n+358 50 598 8046<br \/>\nname.surname@rigawood.fi<\/p>\n                                <\/div>\n                            <\/div>\n                                                                                <div class=\"tab-list-item \" data-tab-item=\"tab-1\" data-aos=\"fade-up\" data-aos-duration=\"400\" data-aos-easing=\"ease-in-out\">\n                                <div class=\"item-header\">\n                                    <h4 class=\"color-reset\">Sastamala Mill | Finances and invoicing<\/h4>\n                                    <button class=\"item-toggle\">\n                                        <svg xmlns=\"http:\/\/www.w3.org\/2000\/svg\" viewBox=\"0 0 20 20\" width=\"20\" height=\"20\" fill=\"none\"><path stroke=\"currentColor\" stroke-miterlimit=\"10\" stroke-width=\"1.2\" d=\"m2 7.475 6.178 6.287a2.558 2.558 0 0 0 3.644 0L18 7.475\"\/><\/svg>\n                                    <\/button>\n                                <\/div>\n                                <div class=\"item-content\">\n                                    <p><strong>Anne Kirstua<\/strong><br \/>\n+358 50 307 0828<br \/>\nname.surname@rigawood.fi<\/p>\n                                <\/div>\n                            <\/div>\n                                                                                <div class=\"tab-list-item \" data-tab-item=\"tab-2\" data-aos=\"fade-up\" data-aos-duration=\"400\" data-aos-easing=\"ease-in-out\">\n                                <div class=\"item-header\">\n                                    <h4 class=\"color-reset\">Sastamala Mill | Production<\/h4>\n                                    <button class=\"item-toggle\">\n                                        <svg xmlns=\"http:\/\/www.w3.org\/2000\/svg\" viewBox=\"0 0 20 20\" width=\"20\" height=\"20\" fill=\"none\"><path stroke=\"currentColor\" stroke-miterlimit=\"10\" stroke-width=\"1.2\" d=\"m2 7.475 6.178 6.287a2.558 2.558 0 0 0 3.644 0L18 7.475\"\/><\/svg>\n                                    <\/button>\n                                <\/div>\n                                <div class=\"item-content\">\n                                    <p><strong>Juha Myllyoja<\/strong><br \/>\n+358 50 597 7087<br \/>\nname.surname@rigawood.fi<\/p>\n                                <\/div>\n                            <\/div>\n                                                                                <div class=\"tab-list-item \" data-tab-item=\"tab-3\" data-aos=\"fade-up\" data-aos-duration=\"400\" data-aos-easing=\"ease-in-out\">\n                                <div class=\"item-header\">\n                                    <h4 class=\"color-reset\">Riga Wood birch plywood sales<\/h4>\n                                    <button class=\"item-toggle\">\n                                        <svg xmlns=\"http:\/\/www.w3.org\/2000\/svg\" viewBox=\"0 0 20 20\" width=\"20\" height=\"20\" fill=\"none\"><path stroke=\"currentColor\" stroke-miterlimit=\"10\" stroke-width=\"1.2\" d=\"m2 7.475 6.178 6.287a2.558 2.558 0 0 0 3.644 0L18 7.475\"\/><\/svg>\n                                    <\/button>\n                                <\/div>\n                                <div class=\"item-content\">\n                                    <p><strong>Ilkka Heikkila<\/strong><br \/>\n+358 50 495 3685<br \/>\nname.surname@rigawood.fi<\/p>\n                                <\/div>\n                            <\/div>\n                                                                                <div class=\"tab-list-item \" data-tab-item=\"tab-4\" data-aos=\"fade-up\" data-aos-duration=\"400\" data-aos-easing=\"ease-in-out\">\n                                <div class=\"item-header\">\n                                    <h4 class=\"color-reset\">Riga Wood Log procurement &amp; Sale of Bio-energy<\/h4>\n                                    <button class=\"item-toggle\">\n                                        <svg xmlns=\"http:\/\/www.w3.org\/2000\/svg\" viewBox=\"0 0 20 20\" width=\"20\" height=\"20\" fill=\"none\"><path stroke=\"currentColor\" stroke-miterlimit=\"10\" stroke-width=\"1.2\" d=\"m2 7.475 6.178 6.287a2.558 2.558 0 0 0 3.644 0L18 7.475\"\/><\/svg>\n                                    <\/button>\n                                <\/div>\n                                <div class=\"item-content\">\n                                    <p><strong>Timo Uotila<\/strong><br \/>\n+358 40 033 0055<br \/>\nname.surname@rigawood.fi<br \/>\nLog procurement manager<br \/>\nProcurement area: all of Finland<\/p>\n<p><strong>Carl Marttinen<\/strong><br \/>\n+358 44 511 0670<br \/>\nname.surname@rigawood.fi<br \/>\nForest Specialist<br \/>\nProcurement area: Mikkeli, Juva, Kangasniemi, Pieks\u00e4m\u00e4ki, Hirvensalmi, Joutsa, Hartola ja M\u00e4ntyharju<\/p>\n                                <\/div>\n                            <\/div>\n                                                                                            <\/div>\n                            <\/div>\n        <\/div>\n            <\/div>\n<\/section>\n","protected":false},"excerpt":{"rendered":"","protected":false},"author":2,"featured_media":765,"parent":0,"menu_order":0,"comment_status":"closed","ping_status":"closed","template":"","meta":{"_acf_changed":false,"footnotes":""},"categories":[],"class_list":["post-760","page","type-page","status-publish","has-post-thumbnail","hentry"],"acf":[],"yoast_head":"<!-- This site is optimized with the Yoast SEO Premium plugin v26.2 (Yoast SEO v26.4) - https:\/\/yoast.com\/wordpress\/plugins\/seo\/ -->\n<title>Contact us - Riga Wood Finland<\/title>\n<meta name=\"description\" content=\"Ota meihin yhteytt\u00e4Haluaisimme kuulla sinusta. Ota rohkeasti yhteytt\u00e4 alla olevien tietojen avulla.\" \/>\n<meta name=\"robots\" content=\"index, follow, max-snippet:-1, max-image-preview:large, max-video-preview:-1\" \/>\n<link rel=\"canonical\" href=\"https:\/\/www.rigawood.fi\/en\/contact-us\/\" \/>\n<meta property=\"og:locale\" content=\"en_US\" \/>\n<meta property=\"og:type\" content=\"article\" \/>\n<meta property=\"og:title\" content=\"Contact us\" \/>\n<meta property=\"og:description\" content=\"Ota meihin yhteytt\u00e4Haluaisimme kuulla sinusta. Ota rohkeasti yhteytt\u00e4 alla olevien tietojen avulla.\" \/>\n<meta property=\"og:url\" content=\"https:\/\/www.rigawood.fi\/en\/contact-us\/\" \/>\n<meta property=\"og:site_name\" content=\"Riga Wood Finland\" \/>\n<meta property=\"article:modified_time\" content=\"2026-03-20T14:31:14+00:00\" \/>\n<meta property=\"og:image\" content=\"https:\/\/www.rigawood.fi\/wp-content\/uploads\/2025\/11\/Sastamala-2025.jpg\" \/>\n\t<meta property=\"og:image:width\" content=\"1080\" \/>\n\t<meta property=\"og:image:height\" content=\"1080\" \/>\n\t<meta property=\"og:image:type\" content=\"image\/jpeg\" \/>\n<meta name=\"twitter:card\" content=\"summary_large_image\" \/>\n<meta name=\"twitter:label1\" content=\"Est. reading time\" \/>\n\t<meta name=\"twitter:data1\" content=\"1 minute\" \/>\n<script type=\"application\/ld+json\" class=\"yoast-schema-graph\">{\"@context\":\"https:\/\/schema.org\",\"@graph\":[{\"@type\":\"WebPage\",\"@id\":\"https:\/\/www.rigawood.fi\/en\/contact-us\/\",\"url\":\"https:\/\/www.rigawood.fi\/en\/contact-us\/\",\"name\":\"Contact us - Riga Wood Finland\",\"isPartOf\":{\"@id\":\"https:\/\/www.rigawood.fi\/en\/#website\"},\"primaryImageOfPage\":{\"@id\":\"https:\/\/www.rigawood.fi\/en\/contact-us\/#primaryimage\"},\"image\":{\"@id\":\"https:\/\/www.rigawood.fi\/en\/contact-us\/#primaryimage\"},\"thumbnailUrl\":\"https:\/\/www.rigawood.fi\/wp-content\/uploads\/2025\/11\/Sastamala-2025.jpg\",\"datePublished\":\"2025-08-27T09:15:24+00:00\",\"dateModified\":\"2026-03-20T14:31:14+00:00\",\"description\":\"Ota meihin yhteytt\u00e4Haluaisimme kuulla sinusta. Ota rohkeasti yhteytt\u00e4 alla olevien tietojen avulla.\",\"breadcrumb\":{\"@id\":\"https:\/\/www.rigawood.fi\/en\/contact-us\/#breadcrumb\"},\"inLanguage\":\"en-US\",\"potentialAction\":[{\"@type\":\"ReadAction\",\"target\":[\"https:\/\/www.rigawood.fi\/en\/contact-us\/\"]}]},{\"@type\":\"ImageObject\",\"inLanguage\":\"en-US\",\"@id\":\"https:\/\/www.rigawood.fi\/en\/contact-us\/#primaryimage\",\"url\":\"https:\/\/www.rigawood.fi\/wp-content\/uploads\/2025\/11\/Sastamala-2025.jpg\",\"contentUrl\":\"https:\/\/www.rigawood.fi\/wp-content\/uploads\/2025\/11\/Sastamala-2025.jpg\",\"width\":1080,\"height\":1080,\"caption\":\"Sastamalan tehdas\"},{\"@type\":\"BreadcrumbList\",\"@id\":\"https:\/\/www.rigawood.fi\/en\/contact-us\/#breadcrumb\",\"itemListElement\":[{\"@type\":\"ListItem\",\"position\":1,\"name\":\"Home\",\"item\":\"https:\/\/www.rigawood.fi\/en\/\"},{\"@type\":\"ListItem\",\"position\":2,\"name\":\"Contact us\"}]},{\"@type\":\"WebSite\",\"@id\":\"https:\/\/www.rigawood.fi\/en\/#website\",\"url\":\"https:\/\/www.rigawood.fi\/en\/\",\"name\":\"Riga Wood Finland\",\"description\":\"Luonnon luoma. Meid\u00e4n muotoilema.\",\"potentialAction\":[{\"@type\":\"SearchAction\",\"target\":{\"@type\":\"EntryPoint\",\"urlTemplate\":\"https:\/\/www.rigawood.fi\/en\/?s={search_term_string}\"},\"query-input\":{\"@type\":\"PropertyValueSpecification\",\"valueRequired\":true,\"valueName\":\"search_term_string\"}}],\"inLanguage\":\"en-US\"}]}<\/script>\n<!-- \/ Yoast SEO Premium plugin. -->","yoast_head_json":{"title":"Contact us - Riga Wood Finland","description":"Ota meihin yhteytt\u00e4Haluaisimme kuulla sinusta. Ota rohkeasti yhteytt\u00e4 alla olevien tietojen avulla.","robots":{"index":"index","follow":"follow","max-snippet":"max-snippet:-1","max-image-preview":"max-image-preview:large","max-video-preview":"max-video-preview:-1"},"canonical":"https:\/\/www.rigawood.fi\/en\/contact-us\/","og_locale":"en_US","og_type":"article","og_title":"Contact us","og_description":"Ota meihin yhteytt\u00e4Haluaisimme kuulla sinusta. Ota rohkeasti yhteytt\u00e4 alla olevien tietojen avulla.","og_url":"https:\/\/www.rigawood.fi\/en\/contact-us\/","og_site_name":"Riga Wood Finland","article_modified_time":"2026-03-20T14:31:14+00:00","og_image":[{"width":1080,"height":1080,"url":"https:\/\/www.rigawood.fi\/wp-content\/uploads\/2025\/11\/Sastamala-2025.jpg","type":"image\/jpeg"}],"twitter_card":"summary_large_image","twitter_misc":{"Est. reading time":"1 minute"},"schema":{"@context":"https:\/\/schema.org","@graph":[{"@type":"WebPage","@id":"https:\/\/www.rigawood.fi\/en\/contact-us\/","url":"https:\/\/www.rigawood.fi\/en\/contact-us\/","name":"Contact us - Riga Wood Finland","isPartOf":{"@id":"https:\/\/www.rigawood.fi\/en\/#website"},"primaryImageOfPage":{"@id":"https:\/\/www.rigawood.fi\/en\/contact-us\/#primaryimage"},"image":{"@id":"https:\/\/www.rigawood.fi\/en\/contact-us\/#primaryimage"},"thumbnailUrl":"https:\/\/www.rigawood.fi\/wp-content\/uploads\/2025\/11\/Sastamala-2025.jpg","datePublished":"2025-08-27T09:15:24+00:00","dateModified":"2026-03-20T14:31:14+00:00","description":"Ota meihin yhteytt\u00e4Haluaisimme kuulla sinusta. Ota rohkeasti yhteytt\u00e4 alla olevien tietojen avulla.","breadcrumb":{"@id":"https:\/\/www.rigawood.fi\/en\/contact-us\/#breadcrumb"},"inLanguage":"en-US","potentialAction":[{"@type":"ReadAction","target":["https:\/\/www.rigawood.fi\/en\/contact-us\/"]}]},{"@type":"ImageObject","inLanguage":"en-US","@id":"https:\/\/www.rigawood.fi\/en\/contact-us\/#primaryimage","url":"https:\/\/www.rigawood.fi\/wp-content\/uploads\/2025\/11\/Sastamala-2025.jpg","contentUrl":"https:\/\/www.rigawood.fi\/wp-content\/uploads\/2025\/11\/Sastamala-2025.jpg","width":1080,"height":1080,"caption":"Sastamalan tehdas"},{"@type":"BreadcrumbList","@id":"https:\/\/www.rigawood.fi\/en\/contact-us\/#breadcrumb","itemListElement":[{"@type":"ListItem","position":1,"name":"Home","item":"https:\/\/www.rigawood.fi\/en\/"},{"@type":"ListItem","position":2,"name":"Contact us"}]},{"@type":"WebSite","@id":"https:\/\/www.rigawood.fi\/en\/#website","url":"https:\/\/www.rigawood.fi\/en\/","name":"Riga Wood Finland","description":"Luonnon luoma. Meid\u00e4n muotoilema.","potentialAction":[{"@type":"SearchAction","target":{"@type":"EntryPoint","urlTemplate":"https:\/\/www.rigawood.fi\/en\/?s={search_term_string}"},"query-input":{"@type":"PropertyValueSpecification","valueRequired":true,"valueName":"search_term_string"}}],"inLanguage":"en-US"}]}},"_links":{"self":[{"href":"https:\/\/www.rigawood.fi\/en\/wp-json\/wp\/v2\/pages\/760","targetHints":{"allow":["GET"]}}],"collection":[{"href":"https:\/\/www.rigawood.fi\/en\/wp-json\/wp\/v2\/pages"}],"about":[{"href":"https:\/\/www.rigawood.fi\/en\/wp-json\/wp\/v2\/types\/page"}],"author":[{"embeddable":true,"href":"https:\/\/www.rigawood.fi\/en\/wp-json\/wp\/v2\/users\/2"}],"replies":[{"embeddable":true,"href":"https:\/\/www.rigawood.fi\/en\/wp-json\/wp\/v2\/comments?post=760"}],"version-history":[{"count":4,"href":"https:\/\/www.rigawood.fi\/en\/wp-json\/wp\/v2\/pages\/760\/revisions"}],"predecessor-version":[{"id":856,"href":"https:\/\/www.rigawood.fi\/en\/wp-json\/wp\/v2\/pages\/760\/revisions\/856"}],"wp:featuredmedia":[{"embeddable":true,"href":"https:\/\/www.rigawood.fi\/en\/wp-json\/wp\/v2\/media\/765"}],"wp:attachment":[{"href":"https:\/\/www.rigawood.fi\/en\/wp-json\/wp\/v2\/media?parent=760"}],"wp:term":[{"taxonomy":"category","embeddable":true,"href":"https:\/\/www.rigawood.fi\/en\/wp-json\/wp\/v2\/categories?post=760"}],"curies":[{"name":"wp","href":"https:\/\/api.w.org\/{rel}","templated":true}]}}